

{"id":1029,"date":"2013-02-08T22:39:11","date_gmt":"2013-02-08T22:39:11","guid":{"rendered":"http:\/\/www.proteusthemes.com\/themes\/hairpress-wp\/?page_id=9"},"modified":"2022-09-07T10:44:16","modified_gmt":"2022-09-07T08:44:16","slug":"home-page","status":"publish","type":"page","link":"https:\/\/www.lajter.com\/?page_id=1029","title":{"rendered":"Domov"},"content":{"rendered":"<p>O podjetju<\/p>\n<p>Avtocenter Lajter d.o.o. iz Dobrovnika 6c se s servisiranjem osebnih avtomobilov ukvarja neprekinjeno od 15.09.1976, ko je bila ustanovljena obrtna delavnica.<\/p>\n<p>V okviru svoje dejavnosti opravlja AVTOCENTER LAJTER d.o.o. servisiranje vozil vseh blagovnih znamk osebnih vozil, avtodomov in lahkik dostavnikov. V okviru dejavnosti \u0161e nudimo:<\/p>\n<ul>\n<li>prodajo originalnih kakor tudi neoriginalnih nadomestnih delov<\/li>\n<li>vulkanizacijske storitve z monta\u017eo gum in centriranjem koles<\/li>\n<li>avtoelektri\u010dna popravila<\/li>\n<li>vgradnja vle\u010dnih naprav (vle\u010dne kljuke)<\/li>\n<li>servisiranje in polnjenje klimatskih naprav<\/li>\n<li>popravila za vse zavarovalnice<\/li>\n<li>optika<\/li>\n<li>menjava vetrobranskih stekel<\/li>\n<li>menjava sklopk<\/li>\n<li>menjava zobatega jermena<\/li>\n<li>menjava verig<\/li>\n<li>&#8230;<\/li>\n<\/ul>\n<p>AVTOCENTER LAJTER d.o.o. opravlja svojo dejavnost na sede\u017eu v Dobrovniku 6c v sodobnih prodajnih in servisnih prostorih.<\/p>\n<p>Pomembno skrb nam predstavlja ekolo\u0161ka osve\u0161\u010denost. Odpadna olja, filtre ter druge odpadne materiale, ki nastajajo ob popravilu vozil, recikliramo v skladu s predpisi EU. Za proizvodnjo elektrike skrbi fotovoltai\u010dna elektrarna mo\u010di 49 kw. Za ogrevanje poslovnih prostorov velikosti cca. 850 kvadratnih metrov skrbi toplotna \u010drpalka sistema voda &#8211; voda.<\/p>\n","protected":false},"excerpt":{"rendered":"<p>O podjetju Avtocenter Lajter d.o.o. iz Dobrovnika 6c se s servisiranjem osebnih avtomobilov ukvarja neprekinjeno od 15.09.1976, ko je bila [&hellip;]<\/p>\n","protected":false},"author":1,"featured_media":0,"parent":0,"menu_order":0,"comment_status":"open","ping_status":"open","template":"front-template-slider.php","meta":[],"_links":{"self":[{"href":"https:\/\/www.lajter.com\/index.php?rest_route=\/wp\/v2\/pages\/1029"}],"collection":[{"href":"https:\/\/www.lajter.com\/index.php?rest_route=\/wp\/v2\/pages"}],"about":[{"href":"https:\/\/www.lajter.com\/index.php?rest_route=\/wp\/v2\/types\/page"}],"author":[{"embeddable":true,"href":"https:\/\/www.lajter.com\/index.php?rest_route=\/wp\/v2\/users\/1"}],"replies":[{"embeddable":true,"href":"https:\/\/www.lajter.com\/index.php?rest_route=%2Fwp%2Fv2%2Fcomments&post=1029"}],"version-history":[{"count":4,"href":"https:\/\/www.lajter.com\/index.php?rest_route=\/wp\/v2\/pages\/1029\/revisions"}],"predecessor-version":[{"id":1824,"href":"https:\/\/www.lajter.com\/index.php?rest_route=\/wp\/v2\/pages\/1029\/revisions\/1824"}],"wp:attachment":[{"href":"https:\/\/www.lajter.com\/index.php?rest_route=%2Fwp%2Fv2%2Fmedia&parent=1029"}],"curies":[{"name":"wp","href":"https:\/\/api.w.org\/{rel}","templated":true}]}}