

{"id":1628,"date":"2015-03-31T16:40:17","date_gmt":"2015-03-31T14:40:17","guid":{"rendered":"https:\/\/www.lajter.com\/?page_id=1628"},"modified":"2015-03-31T18:19:54","modified_gmt":"2015-03-31T16:19:54","slug":"avtopralnica","status":"publish","type":"page","link":"https:\/\/www.lajter.com\/?page_id=1628","title":{"rendered":"Avtopralnica"},"content":{"rendered":"<div class=\"row with-margin\"><\/p>\n<p><div class=\"span3\"><br \/>\n<strong>-Temeljito zunanje in notranje \u010di\u0161\u010denje vozil ter poliranje<\/strong><\/p>\n<p>-Poliranje \u017earometov<br \/>\n<\/div><\/p>\n<p><div class=\"span3\"><a href=\"https:\/\/www.lajter.com\/wp-content\/uploads\/2015\/03\/carwash.jpg\"><img loading=\"lazy\" class=\"alignnone size-full wp-image-1584\" src=\"https:\/\/www.lajter.com\/wp-content\/uploads\/2015\/03\/carwash.jpg\" alt=\"carwash\" width=\"165\" height=\"195\" \/><\/a><\/div><\/p>\n<p><div class=\"span3\"><\/div><\/p>\n<p><\/div>\n<a href=\"https:\/\/www.lajter.com\/?post_type=services\" class=\"btn btn-theme\">NAZAJ NA STORITVE<\/a>\n","protected":false},"excerpt":{"rendered":"","protected":false},"author":1,"featured_media":0,"parent":0,"menu_order":0,"comment_status":"open","ping_status":"open","template":"services-page.php","meta":[],"_links":{"self":[{"href":"https:\/\/www.lajter.com\/index.php?rest_route=\/wp\/v2\/pages\/1628"}],"collection":[{"href":"https:\/\/www.lajter.com\/index.php?rest_route=\/wp\/v2\/pages"}],"about":[{"href":"https:\/\/www.lajter.com\/index.php?rest_route=\/wp\/v2\/types\/page"}],"author":[{"embeddable":true,"href":"https:\/\/www.lajter.com\/index.php?rest_route=\/wp\/v2\/users\/1"}],"replies":[{"embeddable":true,"href":"https:\/\/www.lajter.com\/index.php?rest_route=%2Fwp%2Fv2%2Fcomments&post=1628"}],"version-history":[{"count":2,"href":"https:\/\/www.lajter.com\/index.php?rest_route=\/wp\/v2\/pages\/1628\/revisions"}],"predecessor-version":[{"id":1676,"href":"https:\/\/www.lajter.com\/index.php?rest_route=\/wp\/v2\/pages\/1628\/revisions\/1676"}],"wp:attachment":[{"href":"https:\/\/www.lajter.com\/index.php?rest_route=%2Fwp%2Fv2%2Fmedia&parent=1628"}],"curies":[{"name":"wp","href":"https:\/\/api.w.org\/{rel}","templated":true}]}}